{"id":171,"date":"2024-12-04T13:38:41","date_gmt":"2024-12-04T11:38:41","guid":{"rendered":"https:\/\/taiteilijakilta.fi\/?page_id=171"},"modified":"2025-10-17T21:14:03","modified_gmt":"2025-10-17T19:14:03","slug":"jasenmaksu","status":"publish","type":"page","link":"https:\/\/taiteilijakilta.fi\/sv\/jasenmaksu\/","title":{"rendered":"Medlemsavgift"},"content":{"rendered":"\n<p>Med hj\u00e4lp av informationen nedan kan du betala din medlemsavgift via internetbanken.<\/p>\n\n\n\n<p><strong>Ordinarie medlem<\/strong>: 25,00 \u20ac<br><strong>St\u00f6dmedlem<\/strong>: Valfritt belopp, dock minst 15,00 \u20ac<\/p>\n\n\n\n<p><strong>MOTTAGARE<\/strong>: D\u00f6vas Konstn\u00e4rsgille (Kuurojen Taiteilijakilta ry)<br><strong>IBAN<\/strong>: FI03 7997 7992 0773 34<br><strong>BIC<\/strong>: HOLVFIHH<br><strong>Meddelande<\/strong>: F\u00f6rnamn Efternamn \u00c5r (t.ex. Sven Svensson 2025)<\/p>\n\n\n\n<p>Kom ih\u00e5g att ange ditt namn och det \u00e5r som medlemsavgiften avser i meddelandef\u00e4ltet! P\u00e5 s\u00e5 s\u00e4tt vet vi vems medlemsavgift det g\u00e4ller.<\/p>\n\n\n\n<p>Vid behov kan du kontakta: info@taiteilijakilta.fi<\/p>\n","protected":false},"excerpt":{"rendered":"<p>Med hj\u00e4lp av informationen nedan kan du betala din medlemsavgift via internetbanken. Ordinarie medlem: 25,00 \u20acSt\u00f6dmedlem: Valfritt belopp, dock minst [&hellip;]<\/p>\n","protected":false},"author":1,"featured_media":0,"parent":0,"menu_order":0,"comment_status":"closed","ping_status":"closed","template":"","meta":{"site-sidebar-layout":"default","site-content-layout":"","ast-site-content-layout":"default","site-content-style":"default","site-sidebar-style":"default","ast-global-header-display":"","ast-banner-title-visibility":"","ast-main-header-display":"","ast-hfb-above-header-display":"","ast-hfb-below-header-display":"","ast-hfb-mobile-header-display":"","site-post-title":"","ast-breadcrumbs-content":"","ast-featured-img":"","footer-sml-layout":"","ast-disable-related-posts":"","theme-transparent-header-meta":"","adv-header-id-meta":"","stick-header-meta":"","header-above-stick-meta":"","header-main-stick-meta":"","header-below-stick-meta":"","astra-migrate-meta-layouts":"default","ast-page-background-enabled":"default","ast-page-background-meta":{"desktop":{"background-color":"var(--ast-global-color-4)","background-image":"","background-repeat":"repeat","background-position":"center center","background-size":"auto","background-attachment":"scroll","background-type":"","background-media":"","overlay-type":"","overlay-color":"","overlay-opacity":"","overlay-gradient":""},"tablet":{"background-color":"","background-image":"","background-repeat":"repeat","background-position":"center center","background-size":"auto","background-attachment":"scroll","background-type":"","background-media":"","overlay-type":"","overlay-color":"","overlay-opacity":"","overlay-gradient":""},"mobile":{"background-color":"","background-image":"","background-repeat":"repeat","background-position":"center center","background-size":"auto","background-attachment":"scroll","background-type":"","background-media":"","overlay-type":"","overlay-color":"","overlay-opacity":"","overlay-gradient":""}},"ast-content-background-meta":{"desktop":{"background-color":"var(--ast-global-color-5)","background-image":"","background-repeat":"repeat","background-position":"center center","background-size":"auto","background-attachment":"scroll","background-type":"","background-media":"","overlay-type":"","overlay-color":"","overlay-opacity":"","overlay-gradient":""},"tablet":{"background-color":"var(--ast-global-color-5)","background-image":"","background-repeat":"repeat","background-position":"center center","background-size":"auto","background-attachment":"scroll","background-type":"","background-media":"","overlay-type":"","overlay-color":"","overlay-opacity":"","overlay-gradient":""},"mobile":{"background-color":"var(--ast-global-color-5)","background-image":"","background-repeat":"repeat","background-position":"center center","background-size":"auto","background-attachment":"scroll","background-type":"","background-media":"","overlay-type":"","overlay-color":"","overlay-opacity":"","overlay-gradient":""}},"footnotes":""},"class_list":["post-171","page","type-page","status-publish","hentry"],"_links":{"self":[{"href":"https:\/\/taiteilijakilta.fi\/sv\/wp-json\/wp\/v2\/pages\/171","targetHints":{"allow":["GET"]}}],"collection":[{"href":"https:\/\/taiteilijakilta.fi\/sv\/wp-json\/wp\/v2\/pages"}],"about":[{"href":"https:\/\/taiteilijakilta.fi\/sv\/wp-json\/wp\/v2\/types\/page"}],"author":[{"embeddable":true,"href":"https:\/\/taiteilijakilta.fi\/sv\/wp-json\/wp\/v2\/users\/1"}],"replies":[{"embeddable":true,"href":"https:\/\/taiteilijakilta.fi\/sv\/wp-json\/wp\/v2\/comments?post=171"}],"version-history":[{"count":9,"href":"https:\/\/taiteilijakilta.fi\/sv\/wp-json\/wp\/v2\/pages\/171\/revisions"}],"predecessor-version":[{"id":292,"href":"https:\/\/taiteilijakilta.fi\/sv\/wp-json\/wp\/v2\/pages\/171\/revisions\/292"}],"wp:attachment":[{"href":"https:\/\/taiteilijakilta.fi\/sv\/wp-json\/wp\/v2\/media?parent=171"}],"curies":[{"name":"wp","href":"https:\/\/api.w.org\/{rel}","templated":true}]}}