{"id":57,"date":"2024-05-10T21:48:24","date_gmt":"2024-05-10T19:48:24","guid":{"rendered":"https:\/\/taiteilijakilta.fi\/?page_id=57"},"modified":"2025-10-17T21:11:36","modified_gmt":"2025-10-17T19:11:36","slug":"hallitus","status":"publish","type":"page","link":"https:\/\/taiteilijakilta.fi\/en\/hallitus\/","title":{"rendered":"Board"},"content":{"rendered":"\n<p><strong>The Board of the Deaf Artists&#8217; Guild 2024\u20132025<\/strong><\/p>\n\n\n\n<p><br>Chairperson: Satu Kankaanp\u00e4\u00e4<br>Vice chairperson: Silja Ruonala<br>Secretary: Salla Fagerstr\u00f6m<br>Member Secretary: Aki Pirkola<br>Communications: Mara Harjunmaa<br>Treasurer: Petra Juva<br><\/p>\n","protected":false},"excerpt":{"rendered":"<p>The Board of the Deaf Artists&#8217; Guild 2024\u20132025 Chairperson: Satu Kankaanp\u00e4\u00e4Vice chairperson: Silja RuonalaSecretary: Salla Fagerstr\u00f6mMember Secretary: Aki PirkolaCommunications: Mara [&hellip;]<\/p>\n","protected":false},"author":1,"featured_media":0,"parent":0,"menu_order":0,"comment_status":"closed","ping_status":"closed","template":"","meta":{"site-sidebar-layout":"default","site-content-layout":"","ast-site-content-layout":"default","site-content-style":"default","site-sidebar-style":"default","ast-global-header-display":"","ast-banner-title-visibility":"","ast-main-header-display":"","ast-hfb-above-header-display":"","ast-hfb-below-header-display":"","ast-hfb-mobile-header-display":"","site-post-title":"","ast-breadcrumbs-content":"","ast-featured-img":"","footer-sml-layout":"","ast-disable-related-posts":"","theme-transparent-header-meta":"","adv-header-id-meta":"","stick-header-meta":"","header-above-stick-meta":"","header-main-stick-meta":"","header-below-stick-meta":"","astra-migrate-meta-layouts":"default","ast-page-background-enabled":"default","ast-page-background-meta":{"desktop":{"background-color":"var(--ast-global-color-4)","background-image":"","background-repeat":"repeat","background-position":"center center","background-size":"auto","background-attachment":"scroll","background-type":"","background-media":"","overlay-type":"","overlay-color":"","overlay-opacity":"","overlay-gradient":""},"tablet":{"background-color":"","background-image":"","background-repeat":"repeat","background-position":"center center","background-size":"auto","background-attachment":"scroll","background-type":"","background-media":"","overlay-type":"","overlay-color":"","overlay-opacity":"","overlay-gradient":""},"mobile":{"background-color":"","background-image":"","background-repeat":"repeat","background-position":"center center","background-size":"auto","background-attachment":"scroll","background-type":"","background-media":"","overlay-type":"","overlay-color":"","overlay-opacity":"","overlay-gradient":""}},"ast-content-background-meta":{"desktop":{"background-color":"var(--ast-global-color-5)","background-image":"","background-repeat":"repeat","background-position":"center center","background-size":"auto","background-attachment":"scroll","background-type":"","background-media":"","overlay-type":"","overlay-color":"","overlay-opacity":"","overlay-gradient":""},"tablet":{"background-color":"var(--ast-global-color-5)","background-image":"","background-repeat":"repeat","background-position":"center center","background-size":"auto","background-attachment":"scroll","background-type":"","background-media":"","overlay-type":"","overlay-color":"","overlay-opacity":"","overlay-gradient":""},"mobile":{"background-color":"var(--ast-global-color-5)","background-image":"","background-repeat":"repeat","background-position":"center center","background-size":"auto","background-attachment":"scroll","background-type":"","background-media":"","overlay-type":"","overlay-color":"","overlay-opacity":"","overlay-gradient":""}},"footnotes":""},"class_list":["post-57","page","type-page","status-publish","hentry"],"_links":{"self":[{"href":"https:\/\/taiteilijakilta.fi\/en\/wp-json\/wp\/v2\/pages\/57","targetHints":{"allow":["GET"]}}],"collection":[{"href":"https:\/\/taiteilijakilta.fi\/en\/wp-json\/wp\/v2\/pages"}],"about":[{"href":"https:\/\/taiteilijakilta.fi\/en\/wp-json\/wp\/v2\/types\/page"}],"author":[{"embeddable":true,"href":"https:\/\/taiteilijakilta.fi\/en\/wp-json\/wp\/v2\/users\/1"}],"replies":[{"embeddable":true,"href":"https:\/\/taiteilijakilta.fi\/en\/wp-json\/wp\/v2\/comments?post=57"}],"version-history":[{"count":11,"href":"https:\/\/taiteilijakilta.fi\/en\/wp-json\/wp\/v2\/pages\/57\/revisions"}],"predecessor-version":[{"id":321,"href":"https:\/\/taiteilijakilta.fi\/en\/wp-json\/wp\/v2\/pages\/57\/revisions\/321"}],"wp:attachment":[{"href":"https:\/\/taiteilijakilta.fi\/en\/wp-json\/wp\/v2\/media?parent=57"}],"curies":[{"name":"wp","href":"https:\/\/api.w.org\/{rel}","templated":true}]}}